{"id":5615,"date":"2019-11-25T13:27:52","date_gmt":"2019-11-25T10:27:52","guid":{"rendered":"https:\/\/monetatanitim.com\/en\/?page_id=5615"},"modified":"2019-11-26T09:59:49","modified_gmt":"2019-11-26T06:59:49","slug":"2020-marketingadvertisement-offers","status":"publish","type":"page","link":"https:\/\/monetatanitim.com\/en\/campaigns\/2020-marketingadvertisement-offers\/","title":{"rendered":"2020 marketing&#038;advertisement offers"},"content":{"rendered":"<article class=\"post-entry post-entry-type-page post-entry-5787\">\n<div class=\"entry-content-wrapper clearfix\">\n<div class=\"entry-content\">\n<p><strong>Welcome to our Moneta marketing support page,\u00a0<\/strong><\/p>\n<p>You can solve al the alternatives in one place for your media and marketing plans for year 2020<br \/>\nIncrease your profitability in 2020 by a much more efficient marketing with Moneta services.<\/p>\n<p><strong>Our multi sphere usage offer for effective marketing activities;\u00a0<\/strong><br \/>\nPrint magazine advertisement + web banner + content publishing +\u00a0<span style=\"color: #3366ff;\"><a style=\"color: #3366ff;\" href=\"https:\/\/uretimtek.com\/\" target=\"_blank\" rel=\"noopener noreferrer\">uretimtek.com<\/a>*<\/span><\/p>\n<p>*We can present our offer involving our offers which we mentioned above in accordance with your magazine and issue choices.<\/p>\n<p>Please write your demand to us after examining our products and services.<\/p>\n<p><strong>OUR PRODUCTS AND SERVICES<\/strong><\/p>\n<p><strong>Our Magazines from traditional media to innovative media<\/strong>; for our 2020 media kit,<span style=\"color: #3366ff;\"> <a style=\"color: #3366ff;\" href=\"https:\/\/monetatanitim.com\/wp-content\/uploads\/2019\/11\/DERG%C4%B0LER-2020-Media-Kit.pdf\" target=\"_blank\" rel=\"noopener\">click here<\/a><a style=\"color: #3366ff;\" href=\"https:\/\/monetatanitim.com\/wp-content\/uploads\/2019\/11\/DERG%C4%B0LER-2020-Media-Kit.pdf\" target=\"_blank\" rel=\"noopener noreferrer\">&gt;&gt;<\/a><\/span><br \/>\nIn addition, for our actual advertisement price tariff for 2020, <span style=\"color: #3366ff;\"><a style=\"color: #3366ff;\" href=\"https:\/\/monetatanitim.com\/en\/wp-content\/uploads\/2019\/11\/Advertisement-tariff.pdf\" target=\"_blank\" rel=\"noopener\">click here\u00a0<\/a><a style=\"color: #3366ff;\" href=\"https:\/\/monetatanitim.com\/wp-content\/uploads\/2019\/11\/Reklam-%C4%B0lan-Tarifesi.pdf\" target=\"_blank\" rel=\"noopener noreferrer\">&gt;&gt;\u00a0<\/a><\/span><br \/>\nYou can make your choices by examining our magazines at our 2020 media kit for opportunity to introduce your brand&#8217;s products in both print and digital environments.<\/p>\n<p><strong>Do not disappear in digital world&#8217;s mess, get noticed!<\/strong><br \/>\nLet Moneta&#8217;s Google partner certified experts make special plans to meet your products with your target audience and apply them, you only monitor the results. Consult us for Google ads, social media advertisements, regional and new digital advertisement applications.<\/p>\n<p><strong>Social media is your image, keep your image clean!<\/strong><br \/>\nIntroduce your products with effective visuals and texts, show your product&#8217;s sensitivity in the society you live.<br \/>\nRise up in the digital world and attract your target audience to your websites. You desire, let us imagine, produce and manage.<br \/>\nFor our 2020 social media tariff, <span style=\"color: #3366ff;\"><a style=\"color: #3366ff;\" href=\"https:\/\/monetatanitim.com\/en\/wp-content\/uploads\/2019\/11\/SOCIAL_MEDIA_PRICE_LIST_2020.pdf\" target=\"_blank\" rel=\"noopener\">click here&gt;&gt;<\/a><\/span><\/p>\n<p><strong>Not &#8220;do you understand?&#8221;, instead, &#8220;can we tell?&#8221;<\/strong><br \/>\nWe can tell your brand with correct terminology and in SEO compatible.<br \/>\nDefinitely benefit our content development and presentations which will make the target without exhausting anyone beyond.<br \/>\nMake your future robust with a powerful past. For our content publishing tariff,<span style=\"color: #3366ff;\"> <a style=\"color: #3366ff;\" href=\"https:\/\/monetatanitim.com\/en\/wp-content\/uploads\/2019\/11\/Content-publishing-service-ING.pdf\" target=\"_blank\" rel=\"noopener\">click here&gt;&gt;<\/a><\/span><\/p>\n<p><strong>Catch the eyes with our renewed web pages!<\/strong><br \/>\nTake the pleasure of digital advertising with our websites which are SEO compatible and listed on the first rows of search engine results!<br \/>\nSiz alan\u0131 se\u00e7in biz reklam\u0131n\u0131z\u0131 tasarlay\u0131p yay\u0131na alal\u0131m, \u00fcstelik g\u00f6sterim raporlu sunumumuz ile i\u00e7iniz rahat etsin.<br \/>\n(Google Analytics Raporludur)You choose the area, let us design your ad and make it live. In addition, take a relax via our presentation with a view report. <span style=\"color: #3366ff;\"><a style=\"color: #3366ff;\" href=\"https:\/\/monetatanitim.com\/en\/wp-content\/uploads\/2019\/11\/banner_tariff_en.pdf\" target=\"_blank\" rel=\"noopener\">Click here for our banner tariff &gt;&gt;<\/a><\/span><\/p>\n<p><strong>Online offer management program for innovative facilities!<\/strong><br \/>\nSpare less time on supply operations, focus on enhancement of your business.<br \/>\nStart now &gt;<span style=\"color: #3366ff;\">\u00a0<a style=\"color: #3366ff;\" href=\"https:\/\/uretimtek.com\/\" target=\"_blank\" rel=\"noopener noreferrer\">https:\/\/uretimtek.com\/<\/a><\/span>\u00a0 Free of charge utility opportunity special for annual advertisers.<\/p>\n<p>Our 2020 Expo calendar <span style=\"color: #3366ff;\">&gt;&gt;\u00a0<a style=\"color: #3366ff;\" href=\"https:\/\/monetatanitim.com\/en\/event-calendar\/\" target=\"_blank\" rel=\"noopener\">https:\/\/monetatanitim.com\/en\/event-calendar\/<\/a><\/span><\/p>\n<p>We&#8217;d like you to know we shall feel pride for partnering your company in 2020.<br \/>\nWe wish a nice year in advance.<\/p>\n<p>Best Regards<\/p>\n<p><strong>MONETA MEDIA GROUP<\/strong><\/p>\n<\/div>\n<footer class=\"entry-footer\"><\/footer>\n<\/div>\n<\/article>\n<aside class=\"sidebar sidebar_right alpha units\" role=\"complementary\">\n<div class=\"inner_sidebar extralight-border\">\n<nav class=\"widget widget_nav_menu widget_nav_hide_child\">\n<ul class=\"nested_nav\">\n<li class=\"page_item page-item-5787 current_page_item\"><\/li>\n<\/ul>\n<\/nav>\n<\/div>\n<\/aside>\n","protected":false},"excerpt":{"rendered":"<p>Welcome to our Moneta marketing support page,\u00a0 You can solve al the alternatives in one place for your media and marketing plans for year 2020 Increase your profitability in 2020 by a much more efficient marketing with Moneta services. Our multi sphere usage offer for effective marketing activities;\u00a0 Print magazine advertisement + web banner + [&hellip;]<\/p>\n","protected":false},"author":4,"featured_media":0,"parent":5607,"menu_order":0,"comment_status":"closed","ping_status":"closed","template":"","meta":{"footnotes":""},"class_list":["post-5615","page","type-page","status-publish","hentry"],"_links":{"self":[{"href":"https:\/\/monetatanitim.com\/en\/wp-json\/wp\/v2\/pages\/5615","targetHints":{"allow":["GET"]}}],"collection":[{"href":"https:\/\/monetatanitim.com\/en\/wp-json\/wp\/v2\/pages"}],"about":[{"href":"https:\/\/monetatanitim.com\/en\/wp-json\/wp\/v2\/types\/page"}],"author":[{"embeddable":true,"href":"https:\/\/monetatanitim.com\/en\/wp-json\/wp\/v2\/users\/4"}],"replies":[{"embeddable":true,"href":"https:\/\/monetatanitim.com\/en\/wp-json\/wp\/v2\/comments?post=5615"}],"version-history":[{"count":7,"href":"https:\/\/monetatanitim.com\/en\/wp-json\/wp\/v2\/pages\/5615\/revisions"}],"predecessor-version":[{"id":5621,"href":"https:\/\/monetatanitim.com\/en\/wp-json\/wp\/v2\/pages\/5615\/revisions\/5621"}],"up":[{"embeddable":true,"href":"https:\/\/monetatanitim.com\/en\/wp-json\/wp\/v2\/pages\/5607"}],"wp:attachment":[{"href":"https:\/\/monetatanitim.com\/en\/wp-json\/wp\/v2\/media?parent=5615"}],"curies":[{"name":"wp","href":"https:\/\/api.w.org\/{rel}","templated":true}]}}