{"id":3290,"date":"2017-08-16T07:51:35","date_gmt":"2017-08-16T04:51:35","guid":{"rendered":"http:\/\/monetatanitim.com\/yeni\/?page_id=3290"},"modified":"2019-02-10T01:52:40","modified_gmt":"2019-02-09T22:52:40","slug":"web-portals","status":"publish","type":"page","link":"https:\/\/monetatanitim.com\/en\/web-portals\/","title":{"rendered":"Web Portals"},"content":{"rendered":"\n<style type=\"text\/css\" data-created_by=\"avia_inline_auto\" id=\"style-css-av-av_one_full-15d750bd1b332b34c6e70b077ebbccdf\">\n.flex_column.av-av_one_full-15d750bd1b332b34c6e70b077ebbccdf{\nborder-radius:0px 0px 0px 0px;\npadding:0px 0px 0px 0px;\n}\n<\/style>\n<div  class='flex_column av-av_one_full-15d750bd1b332b34c6e70b077ebbccdf av_one_full  avia-builder-el-0  el_before_av_one_full  avia-builder-el-first  first flex_column_div av-zero-column-padding  '     ><section  class='av_textblock_section av-av_textblock-2de302bf1aa3cf4c9157dbe6f50ac7eb '   itemscope=\"itemscope\" itemtype=\"https:\/\/schema.org\/CreativeWork\" ><div class='avia_textblock'  itemprop=\"text\" ><p class=\"p1\"><b>Industry\u2019s technological portals<\/b><\/p>\n<p class=\"p2\">Since 2011, we\u2019ve been presenting a <span class=\"s1\">knowledge <\/span>source that <span class=\"s2\">reaches <\/span>thousands of experts in hund- reds of sectors via our web portals which we \u2018ve been <span class=\"s2\">diffusing<\/span> on important sectors of the <span class=\"s1\">industry.<\/span><\/p>\n<p class=\"p3\"><span class=\"s2\">We <\/span>have important web portals which gives <span class=\"s4\">infor- <\/span>mation to <span class=\"s2\">professionals<\/span> of the industry with project and product introductions, reviews, articles. On the path to development of our <span class=\"s2\">country, <\/span><span class=\"s1\">improvement <\/span>of our indsutry and becoming a <span class=\"s1\">manufacturer <\/span><span class=\"s2\">country, information\u2019s <\/span>easy accesibility is <span class=\"s4\">among <\/span>our priorities.<\/p>\n<p class=\"p4\"><span class=\"s2\">MONETA, <\/span>who pursues <span class=\"s2\">ever-renewing <\/span><span class=\"s1\">internet <\/span>technologies, has <span class=\"s2\">kept readers <\/span>for years by <span class=\"s1\">conti- <\/span>nously updadating its web pages\u2019 <span class=\"s2\">infrastructure<\/span><span class=\"s4\"> te- <\/span><span class=\"s2\">chnology. <\/span>Our portals work perfect at Android, <span class=\"s8\">IOS <\/span>etc . operating systems, working compatible <span class=\"s4\">with <\/span>all smart devices.<\/p>\n<p class=\"p5\">Our web portals carry the quality of an important archive which summarizes <span class=\"s2\">Turkish industry\u2019s<\/span> agen- da and monitor its development. Our web <span class=\"s1\">portals, <\/span>who involve authentic contents, lead the <span class=\"s2\">sector.<\/span><\/p>\n<\/div><\/section><\/div>\n\n<style type=\"text\/css\" data-created_by=\"avia_inline_auto\" id=\"style-css-av-av_one_full-15d750bd1b332b34c6e70b077ebbccdf\">\n.flex_column.av-av_one_full-15d750bd1b332b34c6e70b077ebbccdf{\nborder-radius:0px 0px 0px 0px;\npadding:0px 0px 0px 0px;\n}\n<\/style>\n<div  class='flex_column av-av_one_full-15d750bd1b332b34c6e70b077ebbccdf av_one_full  avia-builder-el-2  el_after_av_one_full  el_before_av_one_full  first flex_column_div av-zero-column-padding  column-top-margin'     ><div  id=\"av-sc-portfolio-1\"  class=\"av-portfolio-grid-sorting-container\"><div class='sort_width_container  av-sort-yes' data-portfolio-id='1' ><div id='js_sort_items' ><div class='sort_by_cat hidden'><a href=\"#\" data-filter=\"all_sort\" class=\"all_sort_button active_sort\"><span class=\"inner_sort_button\"><span>T\u00fcm\u00fc<\/span><small class=\"av-cat-count\"> 5 <\/small><\/span><\/a><span class=\"text-sep web-portals_sort_sep\">\/<\/span><a href=\"#\" data-filter=\"web-portals_sort\" class=\"web-portals_sort_button\" ><span class=\"inner_sort_button\"><span>Web Portals<\/span><small class=\"av-cat-count\"> 5 <\/small><\/span><\/a><\/div><\/div><\/div><div  class=' grid-sort-container isotope   no_margin-container with-excerpt-container grid-total-odd grid-col-4 grid-links-' data-portfolio-id='1'><div data-ajax-id='3694' class=' grid-entry flex_column isotope-item all_sort no_margin post-entry post-entry-3694 grid-entry-overview grid-loop-1 grid-parity-odd  web-portals_sort  av_one_fourth first default_av_fullwidth '><article class='main_color inner-entry'  itemscope=\"itemscope\" itemtype=\"https:\/\/schema.org\/CreativeWork\" ><a href=\"https:\/\/monetatanitim.com\/en\/portfolio-item\/guc-aktarim-ve-hareket-kontrol-dergisi-2\/\" title='G\u00fc\u00e7 Aktar\u0131m ve Hareket Kontrol Dergisi'  data-rel='grid-1' class='grid-image avia-hover-fx'> <img decoding=\"async\" fetchpriority=\"high\" width=\"300\" height=\"98\" src=\"https:\/\/monetatanitim.com\/en\/wp-content\/uploads\/2017\/10\/GAHD.png\" class=\"wp-image-4081 avia-img-lazy-loading-not-4081 attachment-no scaling size-no scaling wp-post-image\" alt=\"\" title=\"\"><\/a><div class='grid-content'><div class='avia-arrow'><\/div><header class=\"entry-content-header\" aria-label=\"Portfolio: G\u00fc\u00e7 Aktar\u0131m ve Hareket Kontrol Dergisi\"><h3 class='grid-entry-title entry-title '  itemprop=\"headline\" ><a href='https:\/\/monetatanitim.com\/en\/portfolio-item\/guc-aktarim-ve-hareket-kontrol-dergisi-2\/' title='G\u00fc\u00e7 Aktar\u0131m ve Hareket Kontrol Dergisi'>G\u00fc\u00e7 Aktar\u0131m ve Hareket Kontrol Dergisi<\/a><\/h3><\/header><\/div><footer class=\"entry-footer\"><\/footer><\/article><\/div><div data-ajax-id='3700' class=' grid-entry flex_column isotope-item all_sort no_margin post-entry post-entry-3700 grid-entry-overview grid-loop-2 grid-parity-even  web-portals_sort  av_one_fourth  default_av_fullwidth '><article class='main_color inner-entry'  itemscope=\"itemscope\" itemtype=\"https:\/\/schema.org\/CreativeWork\" ><a href=\"https:\/\/monetatanitim.com\/en\/portfolio-item\/pompa-vana-ve-sistemleri-dergisi-2\/\" title='Pompa Vana ve Sistemleri Dergisi'  data-rel='grid-1' class='grid-image avia-hover-fx'> <img decoding=\"async\" fetchpriority=\"high\" width=\"407\" height=\"164\" src=\"https:\/\/monetatanitim.com\/en\/wp-content\/uploads\/2017\/10\/3-PV.png\" class=\"wp-image-3696 avia-img-lazy-loading-not-3696 attachment-no scaling size-no scaling wp-post-image\" alt=\"\" srcset=\"https:\/\/monetatanitim.com\/en\/wp-content\/uploads\/2017\/10\/3-PV.png 407w, https:\/\/monetatanitim.com\/en\/wp-content\/uploads\/2017\/10\/3-PV-300x121.png 300w\" sizes=\"(max-width: 407px) 100vw, 407px\" title=\"\"><\/a><div class='grid-content'><div class='avia-arrow'><\/div><header class=\"entry-content-header\" aria-label=\"Portfolio: Pompa Vana ve Sistemleri&lt;br&gt; Dergisi\"><h3 class='grid-entry-title entry-title '  itemprop=\"headline\" ><a href='https:\/\/monetatanitim.com\/en\/portfolio-item\/pompa-vana-ve-sistemleri-dergisi-2\/' title='Pompa Vana ve Sistemleri Dergisi'>Pompa Vana ve Sistemleri<br> Dergisi<\/a><\/h3><\/header><\/div><footer class=\"entry-footer\"><\/footer><\/article><\/div><div data-ajax-id='3708' class=' grid-entry flex_column isotope-item all_sort no_margin post-entry post-entry-3708 grid-entry-overview grid-loop-3 grid-parity-odd  web-portals_sort  av_one_fourth  default_av_fullwidth '><article class='main_color inner-entry'  itemscope=\"itemscope\" itemtype=\"https:\/\/schema.org\/CreativeWork\" ><a href=\"https:\/\/monetatanitim.com\/en\/portfolio-item\/ruzgar-enerjisi-dergisi-2\/\" title='R\u00fczgar Enerjisi Dergisi'  data-rel='grid-1' class='grid-image avia-hover-fx'> <img decoding=\"async\" fetchpriority=\"high\" width=\"407\" height=\"164\" src=\"https:\/\/monetatanitim.com\/en\/wp-content\/uploads\/2017\/10\/ruzgarenerjisi.png\" class=\"wp-image-3697 avia-img-lazy-loading-not-3697 attachment-no scaling size-no scaling wp-post-image\" alt=\"\" srcset=\"https:\/\/monetatanitim.com\/en\/wp-content\/uploads\/2017\/10\/ruzgarenerjisi.png 407w, https:\/\/monetatanitim.com\/en\/wp-content\/uploads\/2017\/10\/ruzgarenerjisi-300x121.png 300w\" sizes=\"(max-width: 407px) 100vw, 407px\" title=\"\"><\/a><div class='grid-content'><div class='avia-arrow'><\/div><header class=\"entry-content-header\" aria-label=\"Portfolio: R\u00fczgar Enerjisi&lt;br&gt; Dergisi\"><h3 class='grid-entry-title entry-title '  itemprop=\"headline\" ><a href='https:\/\/monetatanitim.com\/en\/portfolio-item\/ruzgar-enerjisi-dergisi-2\/' title='R\u00fczgar Enerjisi Dergisi'>R\u00fczgar Enerjisi<br> Dergisi<\/a><\/h3><\/header><\/div><footer class=\"entry-footer\"><\/footer><\/article><\/div><div data-ajax-id='3709' class=' grid-entry flex_column isotope-item all_sort no_margin post-entry post-entry-3709 grid-entry-overview grid-loop-4 grid-parity-even  web-portals_sort  av_one_fourth  default_av_fullwidth '><article class='main_color inner-entry'  itemscope=\"itemscope\" itemtype=\"https:\/\/schema.org\/CreativeWork\" ><a href=\"https:\/\/monetatanitim.com\/en\/portfolio-item\/oem-erijinal-ekipman-ureticileri-dergisi\/\" title='OEM Erijinal Ekipman \u00dcreticileri Dergisi'  data-rel='grid-1' class='grid-image avia-hover-fx'> <img decoding=\"async\" fetchpriority=\"high\" width=\"407\" height=\"164\" src=\"https:\/\/monetatanitim.com\/en\/wp-content\/uploads\/2017\/10\/oemdergisi.png\" class=\"wp-image-3712 avia-img-lazy-loading-not-3712 attachment-no scaling size-no scaling wp-post-image\" alt=\"\" srcset=\"https:\/\/monetatanitim.com\/en\/wp-content\/uploads\/2017\/10\/oemdergisi.png 407w, https:\/\/monetatanitim.com\/en\/wp-content\/uploads\/2017\/10\/oemdergisi-300x121.png 300w\" sizes=\"(max-width: 407px) 100vw, 407px\" title=\"\"><\/a><div class='grid-content'><div class='avia-arrow'><\/div><header class=\"entry-content-header\" aria-label=\"Portfolio: OEM Erijinal Ekipman &lt;br&gt;\u00dcreticileri Dergisi\"><h3 class='grid-entry-title entry-title '  itemprop=\"headline\" ><a href='https:\/\/monetatanitim.com\/en\/portfolio-item\/oem-erijinal-ekipman-ureticileri-dergisi\/' title='OEM Erijinal Ekipman \u00dcreticileri Dergisi'>OEM Erijinal Ekipman <br>\u00dcreticileri Dergisi<\/a><\/h3><\/header><\/div><footer class=\"entry-footer\"><\/footer><\/article><\/div><div data-ajax-id='3711' class=' grid-entry flex_column isotope-item all_sort no_margin post-entry post-entry-3711 grid-entry-overview grid-loop-5 grid-parity-odd  post-entry-last  web-portals_sort  av_one_fourth first default_av_fullwidth '><article class='main_color inner-entry'  itemscope=\"itemscope\" itemtype=\"https:\/\/schema.org\/CreativeWork\" ><a href=\"https:\/\/monetatanitim.com\/en\/portfolio-item\/gunesten-korunma-sistemleri-dergisi\/\" title='G\u00fcne\u015ften Korunma Sistemleri Dergisi'  data-rel='grid-1' class='grid-image avia-hover-fx'> <img decoding=\"async\" fetchpriority=\"high\" width=\"407\" height=\"164\" src=\"https:\/\/monetatanitim.com\/en\/wp-content\/uploads\/2017\/10\/gks.png\" class=\"wp-image-3698 avia-img-lazy-loading-not-3698 attachment-no scaling size-no scaling wp-post-image\" alt=\"\" srcset=\"https:\/\/monetatanitim.com\/en\/wp-content\/uploads\/2017\/10\/gks.png 407w, https:\/\/monetatanitim.com\/en\/wp-content\/uploads\/2017\/10\/gks-300x121.png 300w\" sizes=\"(max-width: 407px) 100vw, 407px\" title=\"\"><\/a><div class='grid-content'><div class='avia-arrow'><\/div><header class=\"entry-content-header\" aria-label=\"Portfolio: G\u00fcne\u015ften Korunma Sistemleri&lt;br&gt; Dergisi\"><h3 class='grid-entry-title entry-title '  itemprop=\"headline\" ><a href='https:\/\/monetatanitim.com\/en\/portfolio-item\/gunesten-korunma-sistemleri-dergisi\/' title='G\u00fcne\u015ften Korunma Sistemleri Dergisi'>G\u00fcne\u015ften Korunma Sistemleri<br> Dergisi<\/a><\/h3><\/header><\/div><footer class=\"entry-footer\"><\/footer><\/article><\/div><\/div><\/div>   <!--   class=\"av-portfolio-grid-sorting-container\"  --><\/div>\n\n<style type=\"text\/css\" data-created_by=\"avia_inline_auto\" id=\"style-css-av-av_one_full-15d750bd1b332b34c6e70b077ebbccdf\">\n.flex_column.av-av_one_full-15d750bd1b332b34c6e70b077ebbccdf{\nborder-radius:0px 0px 0px 0px;\npadding:0px 0px 0px 0px;\n}\n<\/style>\n<div  class='flex_column av-av_one_full-15d750bd1b332b34c6e70b077ebbccdf av_one_full  avia-builder-el-4  el_after_av_one_full  avia-builder-el-last  first flex_column_div av-zero-column-padding  column-top-margin'     ><section  class='av_textblock_section av-av_textblock-2de302bf1aa3cf4c9157dbe6f50ac7eb '   itemscope=\"itemscope\" itemtype=\"https:\/\/schema.org\/CreativeWork\" ><div class='avia_textblock'  itemprop=\"text\" ><p><b>Our magazine group portals<\/b><\/p>\n<p><a href=\"http:\/\/www.gucaktarim.com\" target=\"_blank\" rel=\"noopener\"><span style=\"font-weight: 400;\">www.gucaktarim.com<\/span><\/a><\/p>\n<p><a href=\"http:\/\/www.disliteknolojileri.com\" target=\"_blank\" rel=\"noopener\"><span style=\"font-weight: 400;\">www.disliteknolojileri.com<\/span><\/a><\/p>\n<p><a href=\"http:\/\/www.pompa-vana.com\" target=\"_blank\" rel=\"noopener\"><span style=\"font-weight: 400;\">www.pompa-vana.com<\/span><\/a><\/p>\n<p><a href=\"http:\/\/www.ruzgarenerjisi.com.tr\" target=\"_blank\" rel=\"noopener\"><span style=\"font-weight: 400;\">www.ruzgarenerjisi.com.tr<\/span><\/a><\/p>\n<p><a href=\"http:\/\/www.oemdergisi.com\" target=\"_blank\" rel=\"noopener\"><span style=\"font-weight: 400;\">www.oemdergisi.com<\/span><\/a><\/p>\n<p><a href=\"http:\/\/www.gksdergisi.com\/\" target=\"_blank\" rel=\"noopener\"><span style=\"font-weight: 400;\">www.gksdergisi.com<\/span><\/a><\/p>\n<p><b>Our micro web portals<\/b><\/p>\n<p><a href=\"http:\/\/www.ruzgarenerjisidergisi.com\" target=\"_blank\" rel=\"noopener\"><span style=\"font-weight: 400;\">www.ruzgarenerjisidergisi.com<\/span><\/a><\/p>\n<p><a href=\"http:\/\/www.reduktordergisi.com\" target=\"_blank\" rel=\"noopener\"><span style=\"font-weight: 400;\">www.reduktordergisi.com<\/span><\/a><\/p>\n<p><a href=\"http:\/\/www.reduktor.com.tr\" target=\"_blank\" rel=\"noopener\"><span style=\"font-weight: 400;\">www.reduktor.com.tr<\/span><\/a><\/p>\n<p><a href=\"http:\/\/www.windenergy.com.tr\" target=\"_blank\" rel=\"noopener\"><span style=\"font-weight: 400;\">www.windenergy.com.tr<\/span><\/a><\/p>\n<p><a href=\"http:\/\/www.renewableenergyturkey.com\" target=\"_blank\" rel=\"noopener\"><span style=\"font-weight: 400;\">www.renewableenergyturkey.com<\/span><\/a><\/p>\n<p><a href=\"http:\/\/www.bakim-onarim.info\" target=\"_blank\" rel=\"noopener\"><span style=\"font-weight: 400;\">www.bakim-onarim.info<\/span><\/a><\/p>\n<p><b>Occupational portals<\/b><\/p>\n<p><a href=\"http:\/\/www.makinemuhendisligidergisi.com\" target=\"_blank\" rel=\"noopener\"><span style=\"font-weight: 400;\">www.makinemuhendisligidergisi.com<\/span><\/a><\/p>\n<p><b>Our other industrial portals<\/b><\/p>\n<p><a href=\"http:\/\/www.endustriliderleri.com\" target=\"_blank\" rel=\"noopener\"><span style=\"font-weight: 400;\">www.endustriliderleri.com<\/span><\/a><\/p>\n<p><a href=\"http:\/\/www.haberplastik.com\" target=\"_blank\" rel=\"noopener\"><span style=\"font-weight: 400;\">www.haberplastik.com<\/span><\/a><\/p>\n<p><a href=\"http:\/\/www.makineuretimteknolojileri.com\" target=\"_blank\" rel=\"noopener\"><span style=\"font-weight: 400;\">www.makineuretimteknolojileri.com<\/span><\/a><\/p>\n<p><a href=\"http:\/\/www.biyoenerjidergisi.com\" target=\"_blank\" rel=\"noopener\"><span style=\"font-weight: 400;\">www.biyoenerjidergisi.com<\/span><\/a><\/p>\n<p><a href=\"http:\/\/www.pastaneteknolojileri.com\" target=\"_blank\" rel=\"noopener\"><span style=\"font-weight: 400;\">www.pastaneteknolojileri.com<\/span><\/a><\/p>\n<p><b>Our art\/culture portals<\/b><\/p>\n<p><span style=\"font-weight: 400;\">www.istanbulgunlugu.com<\/span><\/p>\n<\/div><\/section><\/div>\n","protected":false},"excerpt":{"rendered":"","protected":false},"author":2,"featured_media":0,"parent":0,"menu_order":0,"comment_status":"closed","ping_status":"closed","template":"","meta":{"footnotes":""},"class_list":["post-3290","page","type-page","status-publish","hentry"],"_links":{"self":[{"href":"https:\/\/monetatanitim.com\/en\/wp-json\/wp\/v2\/pages\/3290","targetHints":{"allow":["GET"]}}],"collection":[{"href":"https:\/\/monetatanitim.com\/en\/wp-json\/wp\/v2\/pages"}],"about":[{"href":"https:\/\/monetatanitim.com\/en\/wp-json\/wp\/v2\/types\/page"}],"author":[{"embeddable":true,"href":"https:\/\/monetatanitim.com\/en\/wp-json\/wp\/v2\/users\/2"}],"replies":[{"embeddable":true,"href":"https:\/\/monetatanitim.com\/en\/wp-json\/wp\/v2\/comments?post=3290"}],"version-history":[{"count":21,"href":"https:\/\/monetatanitim.com\/en\/wp-json\/wp\/v2\/pages\/3290\/revisions"}],"predecessor-version":[{"id":5299,"href":"https:\/\/monetatanitim.com\/en\/wp-json\/wp\/v2\/pages\/3290\/revisions\/5299"}],"wp:attachment":[{"href":"https:\/\/monetatanitim.com\/en\/wp-json\/wp\/v2\/media?parent=3290"}],"curies":[{"name":"wp","href":"https:\/\/api.w.org\/{rel}","templated":true}]}}