{"id":1167,"date":"2013-04-05T13:33:38","date_gmt":"2013-04-05T13:33:38","guid":{"rendered":"http:\/\/www.kriesi.at\/themes\/enfold\/?page_id=1167"},"modified":"2021-06-10T16:36:47","modified_gmt":"2021-06-10T13:36:47","slug":"contact","status":"publish","type":"page","link":"https:\/\/monetatanitim.com\/en\/contact\/","title":{"rendered":"Contact"},"content":{"rendered":"\n<style type=\"text\/css\" data-created_by=\"avia_inline_auto\" id=\"style-css-av-av_one_half-15d750bd1b332b34c6e70b077ebbccdf\">\n.flex_column.av-av_one_half-15d750bd1b332b34c6e70b077ebbccdf{\nborder-radius:0px 0px 0px 0px;\npadding:0px 0px 0px 0px;\n}\n<\/style>\n<div  class='flex_column av-av_one_half-15d750bd1b332b34c6e70b077ebbccdf av_one_half  avia-builder-el-0  el_before_av_one_half  avia-builder-el-first  first flex_column_div av-zero-column-padding  '     ><p><section  class='av_textblock_section av-av_textblock-2de302bf1aa3cf4c9157dbe6f50ac7eb '   itemscope=\"itemscope\" itemtype=\"https:\/\/schema.org\/CreativeWork\" ><div class='avia_textblock'  itemprop=\"text\" ><p><strong>MONETA TANITIM ORGAN\u0130ZASYON REKLAMCILIK YAYINCILIK T\u0130C. LTD. \u015eT\u0130.<\/strong><br \/>\nAdress: K\u00fc\u00e7\u00fckbakkalk\u00f6y Mahallesi, Canan Business Kocasinan Cad. Selvili Sokak No:4, Daire:78, 34750 Ata\u015fehir\/\u0130stanbul<\/p>\n<p><strong>Telephone:<\/strong> 0090 850 885 05 01<br \/>\n<strong>WhatsApp:<\/strong> 0090 544 885 05 01<\/p>\n<p><strong>Email:<\/strong> info@monetatanitim.com<\/p>\n<p><strong>WAT Number and Office:<\/strong> Kozyata\u011f\u0131 Vergi Dairesi &#8211; 0190523326<\/p>\n<p><strong>Mersis No:<\/strong> 0019052332600012<br \/>\n<strong>Ticaret Sicil No:<\/strong> 976816<\/p>\n<\/div><\/section><br \/>\n<\/p><\/div>\n<style type=\"text\/css\" data-created_by=\"avia_inline_auto\" id=\"style-css-av-av_one_half-c8fc129dc35fd1ae2a1e410224d39ea8\">\n.flex_column.av-av_one_half-c8fc129dc35fd1ae2a1e410224d39ea8{\nborder-radius:0px 0px 0px 0px;\npadding:0px 0px 0px 0px;\n}\n<\/style>\n<div  class='flex_column av-av_one_half-c8fc129dc35fd1ae2a1e410224d39ea8 av_one_half  avia-builder-el-3  el_after_av_one_half  avia-builder-el-last  flex_column_div av-zero-column-padding  '     ><\/div><\/p>\n","protected":false},"excerpt":{"rendered":"","protected":false},"author":2,"featured_media":0,"parent":0,"menu_order":0,"comment_status":"open","ping_status":"open","template":"","meta":{"footnotes":""},"class_list":["post-1167","page","type-page","status-publish","hentry"],"_links":{"self":[{"href":"https:\/\/monetatanitim.com\/en\/wp-json\/wp\/v2\/pages\/1167","targetHints":{"allow":["GET"]}}],"collection":[{"href":"https:\/\/monetatanitim.com\/en\/wp-json\/wp\/v2\/pages"}],"about":[{"href":"https:\/\/monetatanitim.com\/en\/wp-json\/wp\/v2\/types\/page"}],"author":[{"embeddable":true,"href":"https:\/\/monetatanitim.com\/en\/wp-json\/wp\/v2\/users\/2"}],"replies":[{"embeddable":true,"href":"https:\/\/monetatanitim.com\/en\/wp-json\/wp\/v2\/comments?post=1167"}],"version-history":[{"count":15,"href":"https:\/\/monetatanitim.com\/en\/wp-json\/wp\/v2\/pages\/1167\/revisions"}],"predecessor-version":[{"id":5891,"href":"https:\/\/monetatanitim.com\/en\/wp-json\/wp\/v2\/pages\/1167\/revisions\/5891"}],"wp:attachment":[{"href":"https:\/\/monetatanitim.com\/en\/wp-json\/wp\/v2\/media?parent=1167"}],"curies":[{"name":"wp","href":"https:\/\/api.w.org\/{rel}","templated":true}]}}